{"id":128,"date":"2024-01-18T16:07:57","date_gmt":"2024-01-18T16:07:57","guid":{"rendered":"https:\/\/exempleada.com\/?page_id=128"},"modified":"2026-03-02T20:08:29","modified_gmt":"2026-03-02T20:08:29","slug":"comunicado-publico-acerca-de-ex-empleada-resumen","status":"publish","type":"page","link":"https:\/\/exempleada.com\/en\/comunicado-publico-acerca-de-ex-empleada-resumen\/","title":{"rendered":"PUBLIC STATEMENT ABOUT \u201cFORMER EMPLOYEE\u201d (Summary)"},"content":{"rendered":"<p class=\"has-medium-font-size\"><strong>Introduction: From Labor Relationship to Personal Bond<\/strong><br>Es probable que una persona que se refiere as\u00ed misma como una \u201cEx empleada\u201d de una de mis empresas, se haya puesto o se ponga en contacto con ustedes, se trata de una persona con la que tuve una relaci\u00f3n tanto profesional como personal que duro solo 4 meses hace m\u00e1s de 12 a\u00f1os. <strong>Carmen Castillo, alias @Carmentuitera o cualquiera de sus <a href=\"https:\/\/exempleada.com\/en\/los-bots-de-caca\/\" type=\"post\" id=\"286\">Bots<\/a><\/strong>, que a partir de ahora la llamaremos por su portmanteau &#8211; <strong>CaCas<\/strong> &#8211; dado que es su nombre mas su apellido, asi que no hay ofensa en esto, es solo que el universo opera de manera misteriosa sin darnos cuenta.<\/p>\n\n\n\n<p class=\"has-medium-font-size\">Inicialmente, la relaci\u00f3n con la \u201cEx empleada\u201d, fue con una de las empresas que fui socio (ya no lo soy) ahi es donde todo comenz\u00f3 estrictamente en un contexto de prestacion de servicios freelance donde ella se desempenaba como Community Manager, pagando 200.000 CLP brutos con Boleta de honorarios. Al corto andar, este v\u00ednculo profesional evolucion\u00f3 hacia una relaci\u00f3n afectiva personal. Este r\u00e1pido cambio en nuestra relaci\u00f3n es crucial para comprender los eventos subsecuentes y las acciones de la \u201cEx empleada\u201d. Al iniciar la relaci\u00f3n laboral &#8211; afectiva <strong><a href=\"https:\/\/exempleada.com\/en\/evidencia-cacas-miente-y-demando-con-un-contrato-inflado-y-ficticio\/\">se <em>we agreed<\/em> por ambas partes firmar un contrato con un sueldo &#8220;inflado&#8221; y ficticio <\/a><\/strong>para mejorar la precaria situaci\u00f3n econ\u00f3mica de la \u201cEx empleada\u201d, la cual en ese momento viv\u00eda de allegada y no tenia las coberturas m\u00ednimas de salud y ni hablar de bancarizaci\u00f3n, finalmente al t\u00e9rmino de la relaci\u00f3n de 4 meses demando a la empresa de la cual yo era socio apelando a <a data-type=\"post\" data-id=\"908\" href=\"https:\/\/exempleada.com\/en\/evidencia-las-transferencias-pagos-hechs-a-cacas\/\">sueldos impagos<\/a> e <a data-type=\"post\" data-id=\"913\" href=\"https:\/\/exempleada.com\/en\/evidencia-los-pagos-de-isapre-de-cacas-que-se-pagaron\/\">imposiciones<\/a>, cosas que fueron tal y cual absolutamente falsas y con <strong>una clara intenci\u00f3n de tomar ventaja econ\u00f3mica de una ayuda entregada basada en la confianza.<\/strong><\/p>\n\n\n\n<p class=\"has-medium-font-size\"><strong>Executive Summary<\/strong><\/p>\n\n\n\n<ol class=\"wp-block-list\">\n<li class=\"has-medium-font-size\">The most important, <strong>I DO NOT owe anything<\/strong> to the \u201cFormer employee\u201d. Therefore everything she says about an alleged debt to me is <strong>ABSOLUTELY FALSE<\/strong>. <a href=\"https:\/\/exempleada.com\/en\/evidencia-cacas-miente-y-demando-con-un-contrato-inflado-y-ficticio\/\" data-type=\"link\" data-id=\"https:\/\/exempleada.com\/evidencia-cacas-miente-y-demando-con-un-contrato-inflado-y-ficticio\/\">(Ver Evidencia)<\/a><\/li>\n\n\n\n<li class=\"has-medium-font-size\"><strong>Acerca de un t\u00f3pico que involucra un menor de edad que ella cita cada vez que puede,<\/strong> Derivado de desconfianza existente acerca de infidelidades de <strong>CaCas<\/strong>, la desconfianza venia desde el inicio de la relacion osea desde Julio 2013 (desde el inicio), ya que como se iba de mi casa cuando algo le molestaba, nunca se sabia donde se quedaba, luego desde Enero de 2014 se termin\u00f3 la relaci\u00f3n ya que se le pidi\u00f3 que se realizar\u00e1 el examen de ADN <a data-type=\"link\" data-id=\"https:\/\/exempleada.com\/evidencia-cacas-dice-literal-ella-de-una-semilla-hace-11-anos-lo-dijo-ella\/\" href=\"https:\/\/exempleada.com\/en\/evidencia-cacas-dice-literal-ella-de-una-semilla-hace-11-anos-lo-dijo-ella\/\">(Aqui explico y aporto pruebas)<\/a> cosa que forz\u00f3 su salida de mi casa, <strong><em><a data-type=\"link\" data-id=\"https:\/\/exempleada.com\/evidencia-cacas-dice-y-miente-que-nunca-buscamos-pedimos-el-adn\/\" href=\"https:\/\/exempleada.com\/en\/evidencia-cacas-dice-y-miente-que-nunca-buscamos-pedimos-el-adn\/\">posteriormente se le pidi\u00f3 y se le ha pedido varias veces nuevamente hacer el examen y nunca lo ha hecho, ni ha querido hacerlo, porque?<\/a><\/em><\/strong>, existe otro punto relevante porque ella nunca reclam\u00f3 este punto en tribunales? <strong>Que oculta?<\/strong>. Esta fue la respuesta oficial a nuestro \u00faltimo intento en 23\/07\/2023 de esclarecer este punto, a trav\u00e9s de un Correo Electr\u00f3nico oficial enviado por la Abogada de <strong>CaCas<\/strong>, respuesta a petici\u00f3n de ADN.<\/li>\n<\/ol>\n\n\n<div class=\"wp-block-image\">\n<figure class=\"aligncenter size-full is-resized\"><img loading=\"lazy\" decoding=\"async\" width=\"404\" height=\"63\" src=\"https:\/\/exempleada.com\/wp-content\/uploads\/2025\/08\/image.png\" alt=\"\" class=\"wp-image-280\" style=\"width:680px;height:auto\" srcset=\"https:\/\/exempleada.com\/wp-content\/uploads\/2025\/08\/image.png 404w, https:\/\/exempleada.com\/wp-content\/uploads\/2025\/08\/image-300x47.png 300w, https:\/\/exempleada.com\/wp-content\/uploads\/2025\/08\/image-18x3.png 18w\" sizes=\"auto, (max-width: 404px) 100vw, 404px\" \/><\/figure>\n<\/div>\n\n\n<ol start=\"3\" class=\"wp-block-list\">\n<li class=\"has-medium-font-size\"><strong>Yo me auto-constru\u00ed desde los 10 a\u00f1os de edad, me crie solo y en total abandono <\/strong>y sin referentes paternales, as\u00ed que entiendo lo que es venir desde la pobreza absoluta y transformar eso en prosperidad, <a data-type=\"post\" data-id=\"911\" href=\"https:\/\/exempleada.com\/en\/evidencia-los-regalos-que-cacas-recibio-durante-4-meses-de-relacion\/\">siempre busco ayudar a las personas mas desvalidas<\/a>, <a data-type=\"post\" data-id=\"908\" href=\"https:\/\/exempleada.com\/en\/evidencia-las-transferencias-pagos-hechs-a-cacas\/\">como fue en este caso<\/a>, pero ahora ya no me vienen con cuentos.<\/li>\n\n\n\n<li class=\"has-medium-font-size\"><strong>Ella ha inventado que me cambie el apellido por ella, honestamente que pat\u00e9tica<\/strong>, me cambi\u00e9 el apellido en honor a la persona que realmente me apoy\u00f3 en mi adolescencia, basta de su mentira repugnante.<\/li>\n\n\n\n<li class=\"has-medium-font-size\"><strong>It makes me sad and ashamed of others<\/strong>, ver que luego de 12 a\u00f1os la \u201cEx empleada\u201d, aun no sepa resolver sus problemas econ\u00f3micos como cualquier persona normal lo hace, y eso es <strong>working<\/strong> really, but continues trying to take advantage as easily and effortlessly as possible.<\/li>\n\n\n\n<li class=\"has-medium-font-size\"><strong>Enough of her false morals:<\/strong> Su historial de litigios \/ juicios (no solo 1, mas de 10) sugiere una tendencia a explotar relaciones personales para obtener beneficios de esta forma, lo que se refleja claramente en esta situaci\u00f3n.<\/li>\n\n\n\n<li class=\"has-medium-font-size\"><strong>Pasaron 12 a\u00f1os de no importarme su opinion y ahora me canse de su<\/strong> <strong>speech<\/strong> <strong>ill-intentioned<\/strong>, donde ademas se aprovecha de su genero (Cosa que ni ella misma respeta, Sororidad = CERO, tengo evidencias textuales de ello) o su calidad de pseudo empleada (Cosa que nunca ha sido ni fue), as\u00ed que basta de su discurso de odio y revanchismo.<\/li>\n\n\n\n<li class=\"has-medium-font-size\"><strong>Exploitation of Trust and Affection<\/strong>: The transition of our relationship from a professional to a personal sphere was marred by betrayal, where the former employee used this change for her own financial interests. There are many victims of hers out there silently who were\/have and will be affected by her behavior. <a href=\"https:\/\/exempleada.com\/en\/modus-operandi-de-cacas\/\" data-type=\"post\" data-id=\"426\">Puedes leer el modus operandi de ella aqui. <\/a><\/li>\n\n\n\n<li class=\"has-medium-font-size\"><strong>Absence in the Labor Trial due to Emotional Impact<\/strong>: A diferencia de ella si tengo principios que me <a data-type=\"link\" data-id=\"https:\/\/exempleada.com\/evidencia-cacas-miente-y-demando-con-un-contrato-inflado-y-ficticio\/\" href=\"https:\/\/exempleada.com\/en\/evidencia-cacas-miente-y-demando-con-un-contrato-inflado-y-ficticio\/\">impidieron dejarla en publico y con evidencias (porque tengo todas las pruebas)<\/a> como lo que es, una persona aprovechadora que trata con el m\u00ednimo esfuerzo de obtener beneficios econ\u00f3micos. Como uno de los tantos mensajes que me envi\u00f3, auto describi\u00e9ndose <strong>&#8220;Te molesta que yo sea floja&#8221;.<\/strong><\/li>\n\n\n\n<li class=\"has-medium-font-size\"><strong>Malicious Use of Social Networks<\/strong>: The former employee has used her online presence to not only smear my name, but also to manipulate public opinion in her favor. And even for that she is lazy, she copies and pastes the same message 1000 times, she is lazy and a liar, just what we should not promote as a society.<\/li>\n\n\n\n<li class=\"has-medium-font-size\"><strong>Active Defense of the Truth<\/strong>: I am committed to revealing the reality behind this story, showing how the former employee distorted our relationship for her benefit.<\/li>\n<\/ol>\n\n\n\n<p class=\"has-medium-font-size\">If you want to see the case in detail, I leave you a link to the longer statement where I address each point in depth, you can review it Here: <a href=\"https:\/\/exempleada.com\/en\/comunicado-publico\/\" data-type=\"page\" data-id=\"7\">Public Statement about \u201cFormer Employee\u201d<\/a><\/p>","protected":false},"excerpt":{"rendered":"<p>Introducci\u00f3n: De Relaci\u00f3n Laboral a V\u00ednculo PersonalEs probable que una persona que se refiere as\u00ed misma como una \u201cEx empleada\u201d de una de mis empresas,&#8230;<\/p>","protected":false},"author":1,"featured_media":16,"parent":0,"menu_order":0,"comment_status":"closed","ping_status":"closed","template":"","meta":{"_monsterinsights_skip_tracking":false,"_monsterinsights_sitenote_active":false,"_monsterinsights_sitenote_note":"","_monsterinsights_sitenote_category":0,"footnotes":""},"class_list":["post-128","page","type-page","status-publish","has-post-thumbnail","hentry","yosemite-has-thumbnail"],"yoast_head":"<!-- This site is optimized with the Yoast SEO plugin v27.3 - https:\/\/yoast.com\/product\/yoast-seo-wordpress\/ -->\n<title>COMUNICADO P\u00daBLICO ACERCA DE \u201cEX EMPLEADA\u201d (Resumen) - Ex Empleada<\/title>\n<meta name=\"robots\" content=\"index, follow, max-snippet:-1, max-image-preview:large, max-video-preview:-1\" \/>\n<link rel=\"canonical\" href=\"https:\/\/exempleada.com\/en\/comunicado-publico-acerca-de-ex-empleada-resumen\/\" \/>\n<meta property=\"og:locale\" content=\"en_US\" \/>\n<meta property=\"og:type\" content=\"article\" \/>\n<meta property=\"og:title\" content=\"COMUNICADO P\u00daBLICO ACERCA DE \u201cEX EMPLEADA\u201d (Resumen) - Ex Empleada\" \/>\n<meta property=\"og:description\" content=\"Introducci\u00f3n: De Relaci\u00f3n Laboral a V\u00ednculo PersonalEs probable que una persona que se refiere as\u00ed misma como una \u201cEx empleada\u201d de una de mis empresas,...\" \/>\n<meta property=\"og:url\" content=\"https:\/\/exempleada.com\/en\/comunicado-publico-acerca-de-ex-empleada-resumen\/\" \/>\n<meta property=\"og:site_name\" content=\"Ex Empleada\" \/>\n<meta property=\"article:modified_time\" content=\"2026-03-02T20:08:29+00:00\" \/>\n<meta property=\"og:image\" content=\"https:\/\/exempleada.com\/wp-content\/uploads\/2024\/01\/Lobo-con-piel-de-oveja.png\" \/>\n\t<meta property=\"og:image:width\" content=\"1024\" \/>\n\t<meta property=\"og:image:height\" content=\"1024\" \/>\n\t<meta property=\"og:image:type\" content=\"image\/png\" \/>\n<meta name=\"twitter:card\" content=\"summary_large_image\" \/>\n<meta name=\"twitter:label1\" content=\"Est. reading time\" \/>\n\t<meta name=\"twitter:data1\" content=\"5 minutes\" \/>\n<script type=\"application\/ld+json\" class=\"yoast-schema-graph\">{\"@context\":\"https:\\\/\\\/schema.org\",\"@graph\":[{\"@type\":\"WebPage\",\"@id\":\"https:\\\/\\\/exempleada.com\\\/comunicado-publico-acerca-de-ex-empleada-resumen\\\/\",\"url\":\"https:\\\/\\\/exempleada.com\\\/comunicado-publico-acerca-de-ex-empleada-resumen\\\/\",\"name\":\"COMUNICADO P\u00daBLICO ACERCA DE \u201cEX EMPLEADA\u201d (Resumen) - Ex Empleada\",\"isPartOf\":{\"@id\":\"https:\\\/\\\/exempleada.com\\\/#website\"},\"primaryImageOfPage\":{\"@id\":\"https:\\\/\\\/exempleada.com\\\/comunicado-publico-acerca-de-ex-empleada-resumen\\\/#primaryimage\"},\"image\":{\"@id\":\"https:\\\/\\\/exempleada.com\\\/comunicado-publico-acerca-de-ex-empleada-resumen\\\/#primaryimage\"},\"thumbnailUrl\":\"https:\\\/\\\/exempleada.com\\\/wp-content\\\/uploads\\\/2024\\\/01\\\/Lobo-con-piel-de-oveja.png\",\"datePublished\":\"2024-01-18T16:07:57+00:00\",\"dateModified\":\"2026-03-02T20:08:29+00:00\",\"breadcrumb\":{\"@id\":\"https:\\\/\\\/exempleada.com\\\/comunicado-publico-acerca-de-ex-empleada-resumen\\\/#breadcrumb\"},\"inLanguage\":\"en-US\",\"potentialAction\":[{\"@type\":\"ReadAction\",\"target\":[\"https:\\\/\\\/exempleada.com\\\/comunicado-publico-acerca-de-ex-empleada-resumen\\\/\"]}]},{\"@type\":\"ImageObject\",\"inLanguage\":\"en-US\",\"@id\":\"https:\\\/\\\/exempleada.com\\\/comunicado-publico-acerca-de-ex-empleada-resumen\\\/#primaryimage\",\"url\":\"https:\\\/\\\/exempleada.com\\\/wp-content\\\/uploads\\\/2024\\\/01\\\/Lobo-con-piel-de-oveja.png\",\"contentUrl\":\"https:\\\/\\\/exempleada.com\\\/wp-content\\\/uploads\\\/2024\\\/01\\\/Lobo-con-piel-de-oveja.png\",\"width\":1024,\"height\":1024},{\"@type\":\"BreadcrumbList\",\"@id\":\"https:\\\/\\\/exempleada.com\\\/comunicado-publico-acerca-de-ex-empleada-resumen\\\/#breadcrumb\",\"itemListElement\":[{\"@type\":\"ListItem\",\"position\":1,\"name\":\"Home\",\"item\":\"https:\\\/\\\/exempleada.com\\\/\"},{\"@type\":\"ListItem\",\"position\":2,\"name\":\"COMUNICADO P\u00daBLICO ACERCA DE \u201cEX EMPLEADA\u201d (Resumen)\"}]},{\"@type\":\"WebSite\",\"@id\":\"https:\\\/\\\/exempleada.com\\\/#website\",\"url\":\"https:\\\/\\\/exempleada.com\\\/\",\"name\":\"Ex Empleada\",\"description\":\"La mentira siempre viaja m&aacute;s r&aacute;pido que la verdad.\",\"potentialAction\":[{\"@type\":\"SearchAction\",\"target\":{\"@type\":\"EntryPoint\",\"urlTemplate\":\"https:\\\/\\\/exempleada.com\\\/?s={search_term_string}\"},\"query-input\":{\"@type\":\"PropertyValueSpecification\",\"valueRequired\":true,\"valueName\":\"search_term_string\"}}],\"inLanguage\":\"en-US\"}]}<\/script>\n<!-- \/ Yoast SEO plugin. -->","yoast_head_json":{"title":"COMUNICADO P\u00daBLICO ACERCA DE \u201cEX EMPLEADA\u201d (Resumen) - Ex Empleada","robots":{"index":"index","follow":"follow","max-snippet":"max-snippet:-1","max-image-preview":"max-image-preview:large","max-video-preview":"max-video-preview:-1"},"canonical":"https:\/\/exempleada.com\/en\/comunicado-publico-acerca-de-ex-empleada-resumen\/","og_locale":"en_US","og_type":"article","og_title":"COMUNICADO P\u00daBLICO ACERCA DE \u201cEX EMPLEADA\u201d (Resumen) - Ex Empleada","og_description":"Introducci\u00f3n: De Relaci\u00f3n Laboral a V\u00ednculo PersonalEs probable que una persona que se refiere as\u00ed misma como una \u201cEx empleada\u201d de una de mis empresas,...","og_url":"https:\/\/exempleada.com\/en\/comunicado-publico-acerca-de-ex-empleada-resumen\/","og_site_name":"Ex Empleada","article_modified_time":"2026-03-02T20:08:29+00:00","og_image":[{"width":1024,"height":1024,"url":"https:\/\/exempleada.com\/wp-content\/uploads\/2024\/01\/Lobo-con-piel-de-oveja.png","type":"image\/png"}],"twitter_card":"summary_large_image","twitter_misc":{"Est. reading time":"5 minutes"},"schema":{"@context":"https:\/\/schema.org","@graph":[{"@type":"WebPage","@id":"https:\/\/exempleada.com\/comunicado-publico-acerca-de-ex-empleada-resumen\/","url":"https:\/\/exempleada.com\/comunicado-publico-acerca-de-ex-empleada-resumen\/","name":"COMUNICADO P\u00daBLICO ACERCA DE \u201cEX EMPLEADA\u201d (Resumen) - Ex Empleada","isPartOf":{"@id":"https:\/\/exempleada.com\/#website"},"primaryImageOfPage":{"@id":"https:\/\/exempleada.com\/comunicado-publico-acerca-de-ex-empleada-resumen\/#primaryimage"},"image":{"@id":"https:\/\/exempleada.com\/comunicado-publico-acerca-de-ex-empleada-resumen\/#primaryimage"},"thumbnailUrl":"https:\/\/exempleada.com\/wp-content\/uploads\/2024\/01\/Lobo-con-piel-de-oveja.png","datePublished":"2024-01-18T16:07:57+00:00","dateModified":"2026-03-02T20:08:29+00:00","breadcrumb":{"@id":"https:\/\/exempleada.com\/comunicado-publico-acerca-de-ex-empleada-resumen\/#breadcrumb"},"inLanguage":"en-US","potentialAction":[{"@type":"ReadAction","target":["https:\/\/exempleada.com\/comunicado-publico-acerca-de-ex-empleada-resumen\/"]}]},{"@type":"ImageObject","inLanguage":"en-US","@id":"https:\/\/exempleada.com\/comunicado-publico-acerca-de-ex-empleada-resumen\/#primaryimage","url":"https:\/\/exempleada.com\/wp-content\/uploads\/2024\/01\/Lobo-con-piel-de-oveja.png","contentUrl":"https:\/\/exempleada.com\/wp-content\/uploads\/2024\/01\/Lobo-con-piel-de-oveja.png","width":1024,"height":1024},{"@type":"BreadcrumbList","@id":"https:\/\/exempleada.com\/comunicado-publico-acerca-de-ex-empleada-resumen\/#breadcrumb","itemListElement":[{"@type":"ListItem","position":1,"name":"Home","item":"https:\/\/exempleada.com\/"},{"@type":"ListItem","position":2,"name":"COMUNICADO P\u00daBLICO ACERCA DE \u201cEX EMPLEADA\u201d (Resumen)"}]},{"@type":"WebSite","@id":"https:\/\/exempleada.com\/#website","url":"https:\/\/exempleada.com\/","name":"Former Employee","description":"Lies always travel faster than the truth.","potentialAction":[{"@type":"SearchAction","target":{"@type":"EntryPoint","urlTemplate":"https:\/\/exempleada.com\/?s={search_term_string}"},"query-input":{"@type":"PropertyValueSpecification","valueRequired":true,"valueName":"search_term_string"}}],"inLanguage":"en-US"}]}},"_links":{"self":[{"href":"https:\/\/exempleada.com\/en\/wp-json\/wp\/v2\/pages\/128","targetHints":{"allow":["GET"]}}],"collection":[{"href":"https:\/\/exempleada.com\/en\/wp-json\/wp\/v2\/pages"}],"about":[{"href":"https:\/\/exempleada.com\/en\/wp-json\/wp\/v2\/types\/page"}],"author":[{"embeddable":true,"href":"https:\/\/exempleada.com\/en\/wp-json\/wp\/v2\/users\/1"}],"replies":[{"embeddable":true,"href":"https:\/\/exempleada.com\/en\/wp-json\/wp\/v2\/comments?post=128"}],"version-history":[{"count":95,"href":"https:\/\/exempleada.com\/en\/wp-json\/wp\/v2\/pages\/128\/revisions"}],"predecessor-version":[{"id":1447,"href":"https:\/\/exempleada.com\/en\/wp-json\/wp\/v2\/pages\/128\/revisions\/1447"}],"wp:featuredmedia":[{"embeddable":true,"href":"https:\/\/exempleada.com\/en\/wp-json\/wp\/v2\/media\/16"}],"wp:attachment":[{"href":"https:\/\/exempleada.com\/en\/wp-json\/wp\/v2\/media?parent=128"}],"curies":[{"name":"wp","href":"https:\/\/api.w.org\/{rel}","templated":true}]}}